{"id":1361,"date":"2019-05-28T07:12:08","date_gmt":"2019-05-28T07:12:08","guid":{"rendered":"http:\/\/localhost\/politicem\/?page_id=1361"},"modified":"2026-03-07T16:29:50","modified_gmt":"2026-03-07T16:29:50","slug":"historique","status":"publish","type":"page","link":"https:\/\/nouansanm.com\/?page_id=1361","title":{"rendered":"Historique"},"content":{"rendered":"\t\t<div data-elementor-type=\"wp-post\" data-elementor-id=\"1361\" class=\"elementor elementor-1361\">\n\t\t\t\t\t\t<section class=\"elementor-section elementor-top-section elementor-element elementor-element-245392c elementor-section-boxed elementor-section-height-default elementor-section-height-default\" data-id=\"245392c\" data-element_type=\"section\" data-e-type=\"section\">\n\t\t\t\t\t\t<div class=\"elementor-container elementor-column-gap-default\">\n\t\t\t\t\t<div class=\"elementor-column elementor-col-50 elementor-top-column elementor-element elementor-element-567f84c\" data-id=\"567f84c\" data-element_type=\"column\" data-e-type=\"column\">\n\t\t\t<div class=\"elementor-widget-wrap elementor-element-populated\">\n\t\t\t\t\t\t<div class=\"elementor-element elementor-element-0169266 elementor-widget elementor-widget-wppolitic-section-titel-addons\" data-id=\"0169266\" data-element_type=\"widget\" data-e-type=\"widget\" data-settings=\"{&quot;htmega_fe&quot;:&quot;no&quot;}\" data-widget_type=\"wppolitic-section-titel-addons.default\">\n\t\t\t\t<div class=\"elementor-widget-container\">\n\t\t\t\t\t            <div class=\"wppolitic-section-titel default-style text-left\">\n                <h3 class=\"wppolitic-section-titel-txt\">Qui sommes <span>N.O.U<\/span><\/h3>            <\/div>\n\n        \t\t\t\t<\/div>\n\t\t\t\t<\/div>\n\t\t\t\t<div class=\"elementor-element elementor-element-7ee90dc elementor-widget elementor-widget-text-editor\" data-id=\"7ee90dc\" data-element_type=\"widget\" data-e-type=\"widget\" data-settings=\"{&quot;htmega_fe&quot;:&quot;no&quot;}\" data-widget_type=\"text-editor.default\">\n\t\t\t\t<div class=\"elementor-widget-container\">\n\t\t\t\t\t\t\t\t\t<p><span style=\"font-weight: 400;\">NOU est un parti politique Ha\u00eftien l\u00e9galement constitu\u00e9 et reconnu depuis 00\/00\/00 selon les lois de la r\u00e9publique d&#8217;Ha\u00efti<\/span><\/p><p><b>Devenir membre de N.O.U <\/b><\/p><p>\u00catre membre du <strong>NOU<\/strong>, c&#8217;est aspirer au changement en Ha\u00efti. Nous fa\u00e7onnons une vision d&#8217;une nation plus prosp\u00e8re, politiquement, \u00e9conomiquement et socialement stable. <strong>N.O.U<\/strong> pr\u00e9pare des citoyens, leaders, dirigeants, politiciens, hommes et femmes d\u2019\u00c9tat, ainsi que des candidats comp\u00e9tents pour toutes les branches du pouvoir public et de la vie citoyenne. <strong>N.O.U<\/strong>, ancr\u00e9 dans des valeurs fondamentales, aspire \u00e0 introduire un style politique distinct, transcendant la tradition ha\u00eftienne. D&#8217;o\u00f9 notre slogan, \u00ab <strong>Ayiti se NOU, NOU se Ayiti<\/strong> \u00bb, symbolisant notre engagement envers un Ha\u00efti nouveau et revitalis\u00e9, port\u00e9 par des citoyens engag\u00e9s et patriotes.<\/p><p><b>Les avantages de rejoindre NOU<\/b><\/p><p><span style=\"font-weight: 400;\">En devenant membre, vous b\u00e9n\u00e9ficiez de :<\/span><\/p>\t\t\t\t\t\t\t\t<\/div>\n\t\t\t\t<\/div>\n\t\t\t\t<div class=\"elementor-element elementor-element-66fd8d2 elementor-widget elementor-widget-n-accordion\" data-id=\"66fd8d2\" data-element_type=\"widget\" data-e-type=\"widget\" data-settings=\"{&quot;default_state&quot;:&quot;expanded&quot;,&quot;max_items_expended&quot;:&quot;one&quot;,&quot;n_accordion_animation_duration&quot;:{&quot;unit&quot;:&quot;ms&quot;,&quot;size&quot;:400,&quot;sizes&quot;:[]},&quot;htmega_fe&quot;:&quot;no&quot;}\" data-widget_type=\"nested-accordion.default\">\n\t\t\t\t<div class=\"elementor-widget-container\">\n\t\t\t\t\t\t\t<div class=\"e-n-accordion\" aria-label=\"Accordion. Open links with Enter or Space, close with Escape, and navigate with Arrow Keys\">\n\t\t\t\t\t\t<details id=\"e-n-accordion-item-1070\" class=\"e-n-accordion-item\" open>\n\t\t\t\t<summary class=\"e-n-accordion-item-title\" data-accordion-index=\"1\" tabindex=\"0\" aria-expanded=\"true\" aria-controls=\"e-n-accordion-item-1070\" >\n\t\t\t\t\t<span class='e-n-accordion-item-title-header'><div class=\"e-n-accordion-item-title-text\"> Participation active aux d\u00e9cisions politiques <\/div><\/span>\n\t\t\t\t\t\t\t<span class='e-n-accordion-item-title-icon'>\n\t\t\t<span class='e-opened' ><i aria-hidden=\"true\" class=\"fas fa-minus\"><\/i><\/span>\n\t\t\t<span class='e-closed'><i aria-hidden=\"true\" class=\"fas fa-plus\"><\/i><\/span>\n\t\t<\/span>\n\n\t\t\t\t\t\t<\/summary>\n\t\t\t\t<div role=\"region\" aria-labelledby=\"e-n-accordion-item-1070\" class=\"elementor-element elementor-element-f8fbd84 e-con-full e-flex e-con e-child\" data-id=\"f8fbd84\" data-element_type=\"container\" data-e-type=\"container\">\n\t\t<div role=\"region\" aria-labelledby=\"e-n-accordion-item-1070\" class=\"elementor-element elementor-element-079a61d e-flex e-con-boxed e-con e-child\" data-id=\"079a61d\" data-element_type=\"container\" data-e-type=\"container\">\n\t\t\t\t\t<div class=\"e-con-inner\">\n\t\t\t\t<div class=\"elementor-element elementor-element-9a17594 elementor-widget elementor-widget-text-editor\" data-id=\"9a17594\" data-element_type=\"widget\" data-e-type=\"widget\" data-settings=\"{&quot;htmega_fe&quot;:&quot;no&quot;}\" data-widget_type=\"text-editor.default\">\n\t\t\t\t<div class=\"elementor-widget-container\">\n\t\t\t\t\t\t\t\t\t<p>Les membres de N.O.U ont l\u2019opportunit\u00e9 de participer aux discussions, aux consultations et aux orientations strat\u00e9giques du parti afin d\u2019influencer les d\u00e9cisions qui concernent l\u2019avenir d\u2019Ha\u00efti.<\/p>\t\t\t\t\t\t\t\t<\/div>\n\t\t\t\t<\/div>\n\t\t\t\t\t<\/div>\n\t\t\t\t<\/div>\n\t\t\t\t<\/div>\n\t\t\t\t\t<\/details>\n\t\t\t\t\t\t<details id=\"e-n-accordion-item-1071\" class=\"e-n-accordion-item\" >\n\t\t\t\t<summary class=\"e-n-accordion-item-title\" data-accordion-index=\"2\" tabindex=\"-1\" aria-expanded=\"false\" aria-controls=\"e-n-accordion-item-1071\" >\n\t\t\t\t\t<span class='e-n-accordion-item-title-header'><div class=\"e-n-accordion-item-title-text\"> Formation et d\u00e9veloppement du leadership <\/div><\/span>\n\t\t\t\t\t\t\t<span class='e-n-accordion-item-title-icon'>\n\t\t\t<span class='e-opened' ><i aria-hidden=\"true\" class=\"fas fa-minus\"><\/i><\/span>\n\t\t\t<span class='e-closed'><i aria-hidden=\"true\" class=\"fas fa-plus\"><\/i><\/span>\n\t\t<\/span>\n\n\t\t\t\t\t\t<\/summary>\n\t\t\t\t<div role=\"region\" aria-labelledby=\"e-n-accordion-item-1071\" class=\"elementor-element elementor-element-b76c17c e-con-full e-flex e-con e-child\" data-id=\"b76c17c\" data-element_type=\"container\" data-e-type=\"container\">\n\t\t<div role=\"region\" aria-labelledby=\"e-n-accordion-item-1071\" class=\"elementor-element elementor-element-95807d6 e-flex e-con-boxed e-con e-child\" data-id=\"95807d6\" data-element_type=\"container\" data-e-type=\"container\">\n\t\t\t\t\t<div class=\"e-con-inner\">\n\t\t\t\t<div class=\"elementor-element elementor-element-5433e80 elementor-widget elementor-widget-text-editor\" data-id=\"5433e80\" data-element_type=\"widget\" data-e-type=\"widget\" data-settings=\"{&quot;htmega_fe&quot;:&quot;no&quot;}\" data-widget_type=\"text-editor.default\">\n\t\t\t\t<div class=\"elementor-widget-container\">\n\t\t\t\t\t\t\t\t\t<p>N.O.U offre des programmes de formation politique, civique et administrative visant \u00e0 pr\u00e9parer une nouvelle g\u00e9n\u00e9ration de leaders comp\u00e9tents, responsables et engag\u00e9s pour servir la nation.<\/p>\t\t\t\t\t\t\t\t<\/div>\n\t\t\t\t<\/div>\n\t\t\t\t\t<\/div>\n\t\t\t\t<\/div>\n\t\t\t\t<\/div>\n\t\t\t\t\t<\/details>\n\t\t\t\t\t\t<details id=\"e-n-accordion-item-1072\" class=\"e-n-accordion-item\" >\n\t\t\t\t<summary class=\"e-n-accordion-item-title\" data-accordion-index=\"3\" tabindex=\"-1\" aria-expanded=\"false\" aria-controls=\"e-n-accordion-item-1072\" >\n\t\t\t\t\t<span class='e-n-accordion-item-title-header'><div class=\"e-n-accordion-item-title-text\"> Opportunit\u00e9s d\u2019engagement et de responsabilit\u00e9 <\/div><\/span>\n\t\t\t\t\t\t\t<span class='e-n-accordion-item-title-icon'>\n\t\t\t<span class='e-opened' ><i aria-hidden=\"true\" class=\"fas fa-minus\"><\/i><\/span>\n\t\t\t<span class='e-closed'><i aria-hidden=\"true\" class=\"fas fa-plus\"><\/i><\/span>\n\t\t<\/span>\n\n\t\t\t\t\t\t<\/summary>\n\t\t\t\t<div role=\"region\" aria-labelledby=\"e-n-accordion-item-1072\" class=\"elementor-element elementor-element-30eef6d e-con-full e-flex e-con e-child\" data-id=\"30eef6d\" data-element_type=\"container\" data-e-type=\"container\">\n\t\t<div role=\"region\" aria-labelledby=\"e-n-accordion-item-1072\" class=\"elementor-element elementor-element-0c4863b e-flex e-con-boxed e-con e-child\" data-id=\"0c4863b\" data-element_type=\"container\" data-e-type=\"container\">\n\t\t\t\t\t<div class=\"e-con-inner\">\n\t\t\t\t<div class=\"elementor-element elementor-element-fd7fd3a elementor-widget elementor-widget-text-editor\" data-id=\"fd7fd3a\" data-element_type=\"widget\" data-e-type=\"widget\" data-settings=\"{&quot;htmega_fe&quot;:&quot;no&quot;}\" data-widget_type=\"text-editor.default\">\n\t\t\t\t<div class=\"elementor-widget-container\">\n\t\t\t\t\t\t\t\t\t<p>Les membres peuvent s\u2019impliquer dans diff\u00e9rentes structures du parti, diriger des initiatives communautaires et, pour les plus engag\u00e9s, se pr\u00e9parer \u00e0 repr\u00e9senter le parti dans des fonctions publiques.<\/p>\t\t\t\t\t\t\t\t<\/div>\n\t\t\t\t<\/div>\n\t\t\t\t\t<\/div>\n\t\t\t\t<\/div>\n\t\t\t\t<\/div>\n\t\t\t\t\t<\/details>\n\t\t\t\t\t\t<details id=\"e-n-accordion-item-1073\" class=\"e-n-accordion-item\" >\n\t\t\t\t<summary class=\"e-n-accordion-item-title\" data-accordion-index=\"4\" tabindex=\"-1\" aria-expanded=\"false\" aria-controls=\"e-n-accordion-item-1073\" >\n\t\t\t\t\t<span class='e-n-accordion-item-title-header'><div class=\"e-n-accordion-item-title-text\"> R\u00e9seau national de citoyens engag\u00e9s <\/div><\/span>\n\t\t\t\t\t\t\t<span class='e-n-accordion-item-title-icon'>\n\t\t\t<span class='e-opened' ><i aria-hidden=\"true\" class=\"fas fa-minus\"><\/i><\/span>\n\t\t\t<span class='e-closed'><i aria-hidden=\"true\" class=\"fas fa-plus\"><\/i><\/span>\n\t\t<\/span>\n\n\t\t\t\t\t\t<\/summary>\n\t\t\t\t<div role=\"region\" aria-labelledby=\"e-n-accordion-item-1073\" class=\"elementor-element elementor-element-c43a916 e-flex e-con-boxed e-con e-child\" data-id=\"c43a916\" data-element_type=\"container\" data-e-type=\"container\">\n\t\t\t\t\t<div class=\"e-con-inner\">\n\t\t<div role=\"region\" aria-labelledby=\"e-n-accordion-item-1073\" class=\"elementor-element elementor-element-d04769c e-con-full e-flex e-con e-child\" data-id=\"d04769c\" data-element_type=\"container\" data-e-type=\"container\">\n\t\t\t\t<div class=\"elementor-element elementor-element-3bc19fd elementor-widget elementor-widget-text-editor\" data-id=\"3bc19fd\" data-element_type=\"widget\" data-e-type=\"widget\" data-settings=\"{&quot;htmega_fe&quot;:&quot;no&quot;}\" data-widget_type=\"text-editor.default\">\n\t\t\t\t<div class=\"elementor-widget-container\">\n\t\t\t\t\t\t\t\t\t<p>Rejoindre N.O.U, c\u2019est int\u00e9grer un r\u00e9seau de patriotes, de professionnels, de jeunes et de leaders communautaires qui travaillent ensemble pour construire une Ha\u00efti plus juste et plus prosp\u00e8re.<\/p>\t\t\t\t\t\t\t\t<\/div>\n\t\t\t\t<\/div>\n\t\t\t\t<\/div>\n\t\t\t\t\t<\/div>\n\t\t\t\t<\/div>\n\t\t\t\t\t<\/details>\n\t\t\t\t\t\t<details id=\"e-n-accordion-item-1074\" class=\"e-n-accordion-item\" >\n\t\t\t\t<summary class=\"e-n-accordion-item-title\" data-accordion-index=\"5\" tabindex=\"-1\" aria-expanded=\"false\" aria-controls=\"e-n-accordion-item-1074\" >\n\t\t\t\t\t<span class='e-n-accordion-item-title-header'><div class=\"e-n-accordion-item-title-text\"> Contribution directe au renouveau d\u2019Ha\u00efti <\/div><\/span>\n\t\t\t\t\t\t\t<span class='e-n-accordion-item-title-icon'>\n\t\t\t<span class='e-opened' ><i aria-hidden=\"true\" class=\"fas fa-minus\"><\/i><\/span>\n\t\t\t<span class='e-closed'><i aria-hidden=\"true\" class=\"fas fa-plus\"><\/i><\/span>\n\t\t<\/span>\n\n\t\t\t\t\t\t<\/summary>\n\t\t\t\t<div role=\"region\" aria-labelledby=\"e-n-accordion-item-1074\" class=\"elementor-element elementor-element-63645b7 e-flex e-con-boxed e-con e-child\" data-id=\"63645b7\" data-element_type=\"container\" data-e-type=\"container\">\n\t\t\t\t\t<div class=\"e-con-inner\">\n\t\t<div role=\"region\" aria-labelledby=\"e-n-accordion-item-1074\" class=\"elementor-element elementor-element-eec243d e-con-full e-flex e-con e-child\" data-id=\"eec243d\" data-element_type=\"container\" data-e-type=\"container\">\n\t\t\t\t<div class=\"elementor-element elementor-element-b9bc606 elementor-widget elementor-widget-text-editor\" data-id=\"b9bc606\" data-element_type=\"widget\" data-e-type=\"widget\" data-settings=\"{&quot;htmega_fe&quot;:&quot;no&quot;}\" data-widget_type=\"text-editor.default\">\n\t\t\t\t<div class=\"elementor-widget-container\">\n\t\t\t\t\t\t\t\t\t<p>Chaque membre devient un acteur du changement en participant \u00e0 la construction d\u2019un projet politique moderne, transparent et orient\u00e9 vers le d\u00e9veloppement durable du pays.<\/p>\t\t\t\t\t\t\t\t<\/div>\n\t\t\t\t<\/div>\n\t\t\t\t<\/div>\n\t\t\t\t\t<\/div>\n\t\t\t\t<\/div>\n\t\t\t\t\t<\/details>\n\t\t\t\t\t<\/div>\n\t\t\t\t\t\t<\/div>\n\t\t\t\t<\/div>\n\t\t\t\t\t<\/div>\n\t\t<\/div>\n\t\t\t\t<div class=\"elementor-column elementor-col-50 elementor-top-column elementor-element elementor-element-106aa4a\" data-id=\"106aa4a\" data-element_type=\"column\" data-e-type=\"column\">\n\t\t\t<div class=\"elementor-widget-wrap elementor-element-populated\">\n\t\t\t\t\t\t<div class=\"elementor-element elementor-element-ec9d42c elementor-widget elementor-widget-image\" data-id=\"ec9d42c\" data-element_type=\"widget\" data-e-type=\"widget\" data-settings=\"{&quot;htmega_fe&quot;:&quot;no&quot;}\" data-widget_type=\"image.default\">\n\t\t\t\t<div class=\"elementor-widget-container\">\n\t\t\t\t\t\t\t\t\t\t\t\t\t\t\t<img fetchpriority=\"high\" decoding=\"async\" width=\"640\" height=\"426\" src=\"https:\/\/nouansanm.com\/wp-content\/uploads\/2026\/03\/b0d82134-5f32-4d8b-a262-66359b5f7842-1024x682.jpeg\" class=\"attachment-large size-large wp-image-2767\" alt=\"\" srcset=\"https:\/\/nouansanm.com\/wp-content\/uploads\/2026\/03\/b0d82134-5f32-4d8b-a262-66359b5f7842-1024x682.jpeg 1024w, https:\/\/nouansanm.com\/wp-content\/uploads\/2026\/03\/b0d82134-5f32-4d8b-a262-66359b5f7842-300x200.jpeg 300w, https:\/\/nouansanm.com\/wp-content\/uploads\/2026\/03\/b0d82134-5f32-4d8b-a262-66359b5f7842-768x512.jpeg 768w, https:\/\/nouansanm.com\/wp-content\/uploads\/2026\/03\/b0d82134-5f32-4d8b-a262-66359b5f7842-1536x1024.jpeg 1536w, https:\/\/nouansanm.com\/wp-content\/uploads\/2026\/03\/b0d82134-5f32-4d8b-a262-66359b5f7842-2048x1365.jpeg 2048w\" sizes=\"(max-width: 640px) 100vw, 640px\" \/>\t\t\t\t\t\t\t\t\t\t\t\t\t\t\t<\/div>\n\t\t\t\t<\/div>\n\t\t\t\t\t<\/div>\n\t\t<\/div>\n\t\t\t\t\t<\/div>\n\t\t<\/section>\n\t\t\t\t<section class=\"elementor-section elementor-top-section elementor-element elementor-element-75c3d74 elementor-section-boxed elementor-section-height-default elementor-section-height-default\" data-id=\"75c3d74\" data-element_type=\"section\" data-e-type=\"section\" data-settings=\"{&quot;background_background&quot;:&quot;classic&quot;}\">\n\t\t\t\t\t\t<div class=\"elementor-container elementor-column-gap-default\">\n\t\t\t\t\t<div class=\"elementor-column elementor-col-50 elementor-top-column elementor-element elementor-element-62dd07d\" data-id=\"62dd07d\" data-element_type=\"column\" data-e-type=\"column\">\n\t\t\t<div class=\"elementor-widget-wrap elementor-element-populated\">\n\t\t\t\t\t\t<div class=\"elementor-element elementor-element-dc72c54 elementor-widget elementor-widget-Video-addons\" data-id=\"dc72c54\" data-element_type=\"widget\" data-e-type=\"widget\" data-settings=\"{&quot;htmega_fe&quot;:&quot;no&quot;}\" data-widget_type=\"Video-addons.default\">\n\t\t\t\t<div class=\"elementor-widget-container\">\n\t\t\t\t\t<div class=\"aboutus-area text-center\">\n    <div class=\"aboutus-video\" style=\"background: rgba(0, 0, 0, 0) url(https:\/\/nouansanm.com\/wp-content\/uploads\/2026\/03\/9f303db4-1ddf-4c57-987a-1d727c8cff08.jpeg ) no-repeat scroll;\">\n        <div class=\"video-content wppolitic\">\n            <a href=\"#\" class=\"wppolitic_popup-youtube\">\n                                <img decoding=\"async\" src=\"\" alt=\"\" \/>\n                                <\/a>\n                        \n        <\/div>\n    <\/div>\n<\/div>\n\n        \t\t\t\t<\/div>\n\t\t\t\t<\/div>\n\t\t\t\t\t<\/div>\n\t\t<\/div>\n\t\t\t\t<div class=\"elementor-column elementor-col-50 elementor-top-column elementor-element elementor-element-b090881\" data-id=\"b090881\" data-element_type=\"column\" data-e-type=\"column\">\n\t\t\t<div class=\"elementor-widget-wrap elementor-element-populated\">\n\t\t\t\t\t\t<div class=\"elementor-element elementor-element-62ae61c elementor-widget elementor-widget-wppolitic-section-titel-addons\" data-id=\"62ae61c\" data-element_type=\"widget\" data-e-type=\"widget\" data-settings=\"{&quot;htmega_fe&quot;:&quot;no&quot;}\" data-widget_type=\"wppolitic-section-titel-addons.default\">\n\t\t\t\t<div class=\"elementor-widget-container\">\n\t\t\t\t\t            <div class=\"wppolitic-section-titel default-style text-left\">\n                <h3 class=\"wppolitic-section-titel-txt\">Notre <span>Histoire<\/span><\/h3>            <\/div>\n\n        \t\t\t\t<\/div>\n\t\t\t\t<\/div>\n\t\t\t\t<div class=\"elementor-element elementor-element-ed33a4b elementor-widget elementor-widget-text-editor\" data-id=\"ed33a4b\" data-element_type=\"widget\" data-e-type=\"widget\" data-settings=\"{&quot;htmega_fe&quot;:&quot;no&quot;}\" data-widget_type=\"text-editor.default\">\n\t\t\t\t<div class=\"elementor-widget-container\">\n\t\t\t\t\t\t\t\t\t<p><span style=\"font-weight: 400;\">Le parti <\/span><b>NOU<\/b><span style=\"font-weight: 400;\"> est n\u00e9 en r\u00e9ponse au manque d\u2019inclusion politique, \u00e0 la fracture interg\u00e9n\u00e9rationnelle et \u00e0 l\u2019\u00e9rosion du sens patriotique depuis la transition d\u00e9mocratique en Ha\u00efti. Nous croyons fermement que la construction d\u2019institutions solides, fond\u00e9es sur la formation, la communication et la solidarit\u00e9, est essentielle pour restaurer la dignit\u00e9 du peuple ha\u00eftien.<\/span><\/p><p><span style=\"font-weight: 400;\">Dans un pays o\u00f9 la jeunesse repr\u00e9sente pr\u00e8s de <\/span><b>70 %<\/b><span style=\"font-weight: 400;\"> de la population, il est imp\u00e9ratif de reconna\u00eetre que nombre d\u2019institutions demeurent dirig\u00e9es par des g\u00e9n\u00e9rations ant\u00e9rieures, accentuant ainsi les tensions interg\u00e9n\u00e9rationnelles. <\/span><b>NOU s\u2019engage \u00e0 b\u00e2tir un v\u00e9ritable pont entre ces g\u00e9n\u00e9rations<\/b><span style=\"font-weight: 400;\">, favorisant un dialogue constructif et une transmission harmonieuse du pouvoir et des responsabilit\u00e9s.<\/span><\/p><p><span style=\"font-weight: 400;\">Par ailleurs, NOU est n\u00e9 d\u2019un constat alarmant : <\/span><b>l\u2019absence massive des citoyens dans les d\u00e9cisions majeures<\/b><span style=\"font-weight: 400;\"> qui fa\u00e7onnent l\u2019avenir du pays. Il est imp\u00e9ratif de briser cette barri\u00e8re et d\u2019offrir \u00e0 chaque Ha\u00eftien, sans distinction d\u2019origine ou de classe sociale, une place l\u00e9gitime dans le processus politique. NOU \u0153uvre pour une participation citoyenne active et effective, garantissant ainsi une gouvernance \u00e9quilibr\u00e9e et repr\u00e9sentative, afin de construire ensemble un avenir prosp\u00e8re pour Ha\u00efti.<\/span><\/p>\t\t\t\t\t\t\t\t<\/div>\n\t\t\t\t<\/div>\n\t\t\t\t\t<\/div>\n\t\t<\/div>\n\t\t\t\t\t<\/div>\n\t\t<\/section>\n\t\t\t\t<section class=\"elementor-section elementor-top-section elementor-element elementor-element-25ddfa22 elementor-section-boxed elementor-section-height-default elementor-section-height-default\" data-id=\"25ddfa22\" data-element_type=\"section\" data-e-type=\"section\">\n\t\t\t\t\t\t<div class=\"elementor-container elementor-column-gap-default\">\n\t\t\t\t\t<div class=\"elementor-column elementor-col-100 elementor-top-column elementor-element elementor-element-2b03d00a\" data-id=\"2b03d00a\" data-element_type=\"column\" data-e-type=\"column\">\n\t\t\t<div class=\"elementor-widget-wrap elementor-element-populated\">\n\t\t\t\t\t\t<section class=\"elementor-section elementor-inner-section elementor-element elementor-element-1da9abbe elementor-section-boxed elementor-section-height-default elementor-section-height-default\" data-id=\"1da9abbe\" data-element_type=\"section\" data-e-type=\"section\">\n\t\t\t\t\t\t<div class=\"elementor-container elementor-column-gap-no\">\n\t\t\t\t\t<div class=\"elementor-column elementor-col-50 elementor-inner-column elementor-element elementor-element-3ac05921\" data-id=\"3ac05921\" data-element_type=\"column\" data-e-type=\"column\">\n\t\t\t<div class=\"elementor-widget-wrap elementor-element-populated\">\n\t\t\t\t\t\t<div class=\"elementor-element elementor-element-3787f2e6 elementor-widget elementor-widget-wppolitic-section-titel-addons\" data-id=\"3787f2e6\" data-element_type=\"widget\" data-e-type=\"widget\" data-settings=\"{&quot;htmega_fe&quot;:&quot;no&quot;}\" data-widget_type=\"wppolitic-section-titel-addons.default\">\n\t\t\t\t<div class=\"elementor-widget-container\">\n\t\t\t\t\t            <div class=\"wppolitic-section-titel title-style-six text-left\">\n                <h3 class=\"wppolitic-section-titel-txt\">Rester connecter<span> avec N.O.U<\/span><\/h3>            <\/div>\n\n        \t\t\t\t<\/div>\n\t\t\t\t<\/div>\n\t\t\t\t\t<\/div>\n\t\t<\/div>\n\t\t\t\t<div class=\"elementor-column elementor-col-50 elementor-inner-column elementor-element elementor-element-4e1b56e6\" data-id=\"4e1b56e6\" data-element_type=\"column\" data-e-type=\"column\">\n\t\t\t<div class=\"elementor-widget-wrap elementor-element-populated\">\n\t\t\t\t\t\t<div class=\"elementor-element elementor-element-58a8a503 elementor-widget elementor-widget-htmega-mailchimp-wp-addons\" data-id=\"58a8a503\" data-element_type=\"widget\" data-e-type=\"widget\" data-settings=\"{&quot;htmega_fe&quot;:&quot;no&quot;}\" data-widget_type=\"htmega-mailchimp-wp-addons.default\">\n\t\t\t\t<div class=\"elementor-widget-container\">\n\t\t\t\t\t            <div class=\"htmega-mailchimp htmega-mailchimp-style-1\" >\n                <div class=\"htmega-input-box\">\n                                    <\/div>\n            <\/div>\n        \t\t\t\t<\/div>\n\t\t\t\t<\/div>\n\t\t\t\t\t<\/div>\n\t\t<\/div>\n\t\t\t\t\t<\/div>\n\t\t<\/section>\n\t\t\t\t\t<\/div>\n\t\t<\/div>\n\t\t\t\t\t<\/div>\n\t\t<\/section>\n\t\t\t\t<\/div>\n\t\t","protected":false},"excerpt":{"rendered":"<p>Qui sommes N.O.U NOU est un parti politique Ha\u00eftien l\u00e9galement constitu\u00e9 et reconnu depuis 00\/00\/00 selon les lois de la r\u00e9publique d&#8217;Ha\u00efti Devenir membre de N.O.U \u00catre membre du NOU, c&#8217;est aspirer au changement en Ha\u00efti. Nous fa\u00e7onnons une vision d&#8217;une nation plus prosp\u00e8re, politiquement, \u00e9conomiquement et socialement stable. N.O.U pr\u00e9pare des citoyens, leaders, dirigeants, [&hellip;]<\/p>\n","protected":false},"author":1,"featured_media":0,"parent":0,"menu_order":0,"comment_status":"closed","ping_status":"closed","template":"elementor_header_footer","meta":{"give_campaign_id":0,"footnotes":""},"class_list":["post-1361","page","type-page","status-publish","hentry"],"campaignId":"","_links":{"self":[{"href":"https:\/\/nouansanm.com\/index.php?rest_route=\/wp\/v2\/pages\/1361","targetHints":{"allow":["GET"]}}],"collection":[{"href":"https:\/\/nouansanm.com\/index.php?rest_route=\/wp\/v2\/pages"}],"about":[{"href":"https:\/\/nouansanm.com\/index.php?rest_route=\/wp\/v2\/types\/page"}],"author":[{"embeddable":true,"href":"https:\/\/nouansanm.com\/index.php?rest_route=\/wp\/v2\/users\/1"}],"replies":[{"embeddable":true,"href":"https:\/\/nouansanm.com\/index.php?rest_route=%2Fwp%2Fv2%2Fcomments&post=1361"}],"version-history":[{"count":33,"href":"https:\/\/nouansanm.com\/index.php?rest_route=\/wp\/v2\/pages\/1361\/revisions"}],"predecessor-version":[{"id":2786,"href":"https:\/\/nouansanm.com\/index.php?rest_route=\/wp\/v2\/pages\/1361\/revisions\/2786"}],"wp:attachment":[{"href":"https:\/\/nouansanm.com\/index.php?rest_route=%2Fwp%2Fv2%2Fmedia&parent=1361"}],"curies":[{"name":"wp","href":"https:\/\/api.w.org\/{rel}","templated":true}]}}